{"id":19,"date":"2016-10-18T16:10:07","date_gmt":"2016-10-18T16:10:07","guid":{"rendered":"http:\/\/himalayaclub.be.yoolswebsite.be\/?page_id=19"},"modified":"2023-03-26T09:58:20","modified_gmt":"2023-03-26T09:58:20","slug":"contact","status":"publish","type":"page","link":"https:\/\/www.himalayaclub.be\/fr\/contact\/","title":{"rendered":"Contact"},"content":{"rendered":"<div class=\"sectie contact\">\n<div class=\"sheet\">\n<div class=\"row\">\n<div class=\"col-40\">\n<h2>Contactez The Himalaya Club<\/h2>\n<p><a href=\"tel:+32474631710\">+32 (0) 477 96 82 54<\/a><br \/>\n\t\t\t\t<a href=\"mailto:info@himalayaclub.be\">info@himalayaclub.be<\/a><\/p>\n<p>Ladderstraat 65 <br \/>\n3620 Lanaken <br \/>\nBelgium<\/p>\n<p>\t\t\t\t<a href=\"https:\/\/www.facebook.com\/thehimalayaclub\/\" target=\"_blank\"><img decoding=\"async\" src=\"\/wp-content\/uploads\/fb_black.png\"><\/a> <a href=\"https:\/\/www.instagram.com\/himalayaclub\/\" target=\"_blank\"><img decoding=\"async\" src=\"\/wp-content\/uploads\/insta_black.png\"><\/a> <a href=\"\" target=\"_blank\"><img decoding=\"async\" src=\"\/wp-content\/uploads\/twitter_black.png\"><\/a> <a href=\"\" target=\"_blank\"><img decoding=\"async\" src=\"\/wp-content\/uploads\/google_black.png\"><\/a><\/p><\/div>\n<div class=\"col-60\">\n\t\t\t\n<div class=\"wpcf7 no-js\" id=\"wpcf7-f1210-o1\" lang=\"en-US\" dir=\"ltr\">\n<div class=\"screen-reader-response\"><p role=\"status\" aria-live=\"polite\" aria-atomic=\"true\"><\/p> <ul><\/ul><\/div>\n<form action=\"\/fr\/wp-json\/wp\/v2\/pages\/19#wpcf7-f1210-o1\" method=\"post\" class=\"wpcf7-form init\" aria-label=\"Contact form\" novalidate=\"novalidate\" data-status=\"init\">\n<div style=\"display: none;\">\n<input type=\"hidden\" name=\"_wpcf7\" value=\"1210\" \/>\n<input type=\"hidden\" name=\"_wpcf7_version\" value=\"5.9.6\" \/>\n<input type=\"hidden\" name=\"_wpcf7_locale\" value=\"en_US\" \/>\n<input type=\"hidden\" name=\"_wpcf7_unit_tag\" value=\"wpcf7-f1210-o1\" \/>\n<input type=\"hidden\" name=\"_wpcf7_container_post\" value=\"0\" \/>\n<input type=\"hidden\" name=\"_wpcf7_posted_data_hash\" value=\"\" \/>\n<input type=\"hidden\" name=\"_wpcf7_recaptcha_response\" value=\"\" \/>\n<\/div>\n<div class=\"form-row\">\n\t<div style=\"width: 50%; float: left; padding-right: 5px;\">\n\t\t<p><span class=\"wpcf7-form-control-wrap\" data-name=\"naam\"><input size=\"40\" maxlength=\"80\" class=\"wpcf7-form-control wpcf7-text wpcf7-validates-as-required\" aria-required=\"true\" aria-invalid=\"false\" placeholder=\"Nom\" value=\"\" type=\"text\" name=\"naam\" \/><\/span>\n\t\t<\/p>\n\t<\/div>\n\t<div style=\"width: 50%; float: left;\">\n\t\t<p><span class=\"wpcf7-form-control-wrap\" data-name=\"achternaam\"><input size=\"40\" maxlength=\"80\" class=\"wpcf7-form-control wpcf7-text\" aria-invalid=\"false\" placeholder=\"Nom de famille\" value=\"\" type=\"text\" name=\"achternaam\" \/><\/span>\n\t\t<\/p>\n\t<\/div>\n<\/div><!-- .form-row -->\n<div class=\"form-row\">\n\t<div style=\"width: 50%; float: left; padding-right: 5px;\">\n\t\t<p><span class=\"wpcf7-form-control-wrap\" data-name=\"phone\"><input size=\"40\" maxlength=\"80\" class=\"wpcf7-form-control wpcf7-text\" aria-invalid=\"false\" placeholder=\"T\u00e9l\u00e9phone\" value=\"\" type=\"text\" name=\"phone\" \/><\/span>\n\t\t<\/p>\n\t<\/div>\n\t<div style=\"width: 50%; float: left;\">\n\t\t<p><span class=\"wpcf7-form-control-wrap\" data-name=\"email\"><input size=\"40\" maxlength=\"80\" class=\"wpcf7-form-control wpcf7-email wpcf7-validates-as-required wpcf7-text wpcf7-validates-as-email\" aria-required=\"true\" aria-invalid=\"false\" placeholder=\"Email\" value=\"\" type=\"email\" name=\"email\" \/><\/span>\n\t\t<\/p>\n\t<\/div>\n<\/div><!-- .form-row -->\n<p><span class=\"wpcf7-form-control-wrap\" data-name=\"message\"><textarea cols=\"40\" rows=\"10\" maxlength=\"400\" class=\"wpcf7-form-control wpcf7-textarea\" aria-invalid=\"false\" placeholder=\"Message\" name=\"message\"><\/textarea><\/span><br \/>\n<input class=\"wpcf7-form-control wpcf7-submit has-spinner btn\" type=\"submit\" value=\"Envoyer\" \/>\n<\/p><div class=\"wpcf7-response-output\" aria-hidden=\"true\"><\/div>\n<\/form>\n<\/div>\n\n\t\t\t<\/div>\n<\/p><\/div>\n<\/p><\/div>\n<\/div>\n<div class=\"sectie zoek\" style=\"background-image: url('https:\/\/www.himalayaclub.be\/wp-content\/uploads\/bannerzoek.png');\">\n<div class=\"sheet\">\n<h2>Voulez-vous nous r\u00e9server?<\/p>\n<div class=\"row\">\n<div class=\"col-50 texture\">\n<h4>Foodtrucks Asiatique<\/h4>\n<p>R\u00e9servez nos foodtrucks asiatiques pour tous vos \u00e9v\u00e8nements, qu\u2019ils soient petits ou grands. Profitez de notre service autant amical qu\u2019aimable et laissez d\u00e9couvrir notre d\u00e9licieuse cuisine asiatique \u00e0 vos visiteurs.<\/p>\n<p><a class=\"btn\" href=\"https:\/\/www.himalayaclub.be\/fr\/aziatische-foodtruck\/\">En savoir plus sur nos foodtrucks Asiatiques<\/a><\/p>\n<h4><\/h4>\n<\/p><\/div>\n<div class=\"col-50 texture\">\n<h4>Restauration Asiatique<\/h4>\n<p>Ajoutez un th\u00e8me asiatique \u00e0 votre mariage, \u00e9v\u00e9nement d&rsquo;entreprise ou autres. Vos invit\u00e9s d\u00e9gusterons une vari\u00e9t\u00e9 de d\u00e9licieux plats asiatiques, pr\u00e9par\u00e9s et servis par des professionnels.<\/p>\n<p><a class=\"btn\" href=\"https:\/\/www.himalayaclub.be\/fr\/aziatische-catering\/\">En savoir plus sur notre restauration Asiatique<\/a><\/p>\n<\/p><\/div>\n<\/p><\/div>\n<\/p><\/div>\n<\/div>\n","protected":false},"excerpt":{"rendered":"<p>Contactez The Himalaya Club +32 (0) 477 96 82 54 info@himalayaclub.be Ladderstraat 65 3620 Lanaken Belgium Voulez-vous nous r\u00e9server? Foodtrucks Asiatique R\u00e9servez nos foodtrucks asiatiques pour tous vos \u00e9v\u00e8nements, qu\u2019ils soient petits ou grands. Profitez de notre service autant amical qu\u2019aimable et laissez d\u00e9couvrir notre d\u00e9licieuse cuisine asiatique \u00e0 vos visiteurs. En savoir plus sur [&hellip;]<\/p>\n","protected":false},"author":1,"featured_media":0,"parent":0,"menu_order":8,"comment_status":"closed","ping_status":"closed","template":"","meta":{"footnotes":""},"yoast_head":"<!-- This site is optimized with the Yoast SEO plugin v22.9 - https:\/\/yoast.com\/wordpress\/plugins\/seo\/ -->\n<title>Contact - The Himalaya Club<\/title>\n<meta name=\"robots\" content=\"index, follow, max-snippet:-1, max-image-preview:large, max-video-preview:-1\" \/>\n<link rel=\"canonical\" href=\"https:\/\/www.himalayaclub.be\/contact\/\" \/>\n<meta property=\"og:locale\" content=\"fr_FR\" \/>\n<meta property=\"og:type\" content=\"article\" \/>\n<meta property=\"og:title\" content=\"Contact - The Himalaya Club\" \/>\n<meta property=\"og:description\" content=\"Contactez The Himalaya Club +32 (0) 477 96 82 54 info@himalayaclub.be Ladderstraat 65 3620 Lanaken Belgium Voulez-vous nous r\u00e9server? Foodtrucks Asiatique R\u00e9servez nos foodtrucks asiatiques pour tous vos \u00e9v\u00e8nements, qu\u2019ils soient petits ou grands. Profitez de notre service autant amical qu\u2019aimable et laissez d\u00e9couvrir notre d\u00e9licieuse cuisine asiatique \u00e0 vos visiteurs. En savoir plus sur [&hellip;]\" \/>\n<meta property=\"og:url\" content=\"https:\/\/www.himalayaclub.be\/contact\/\" \/>\n<meta property=\"og:site_name\" content=\"The Himalaya Club\" \/>\n<meta property=\"article:modified_time\" content=\"2023-03-26T09:58:20+00:00\" \/>\n<meta name=\"twitter:card\" content=\"summary_large_image\" \/>\n<script type=\"application\/ld+json\" class=\"yoast-schema-graph\">{\"@context\":\"https:\/\/schema.org\",\"@graph\":[{\"@type\":\"WebPage\",\"@id\":\"https:\/\/www.himalayaclub.be\/contact\/\",\"url\":\"https:\/\/www.himalayaclub.be\/contact\/\",\"name\":\"Contact - The Himalaya Club\",\"isPartOf\":{\"@id\":\"https:\/\/www.himalayaclub.be\/#website\"},\"datePublished\":\"2016-10-18T16:10:07+00:00\",\"dateModified\":\"2023-03-26T09:58:20+00:00\",\"breadcrumb\":{\"@id\":\"https:\/\/www.himalayaclub.be\/contact\/#breadcrumb\"},\"inLanguage\":\"fr-FR\",\"potentialAction\":[{\"@type\":\"ReadAction\",\"target\":[\"https:\/\/www.himalayaclub.be\/contact\/\"]}]},{\"@type\":\"BreadcrumbList\",\"@id\":\"https:\/\/www.himalayaclub.be\/contact\/#breadcrumb\",\"itemListElement\":[{\"@type\":\"ListItem\",\"position\":1,\"name\":\"Home\",\"item\":\"https:\/\/www.himalayaclub.be\/\"},{\"@type\":\"ListItem\",\"position\":2,\"name\":\"Contact\"}]},{\"@type\":\"WebSite\",\"@id\":\"https:\/\/www.himalayaclub.be\/#website\",\"url\":\"https:\/\/www.himalayaclub.be\/\",\"name\":\"The Himalaya Club\",\"description\":\"Aziatisch Streetfood\",\"potentialAction\":[{\"@type\":\"SearchAction\",\"target\":{\"@type\":\"EntryPoint\",\"urlTemplate\":\"https:\/\/www.himalayaclub.be\/?s={search_term_string}\"},\"query-input\":\"required name=search_term_string\"}],\"inLanguage\":\"fr-FR\"}]}<\/script>\n<!-- \/ Yoast SEO plugin. -->","yoast_head_json":{"title":"Contact - The Himalaya Club","robots":{"index":"index","follow":"follow","max-snippet":"max-snippet:-1","max-image-preview":"max-image-preview:large","max-video-preview":"max-video-preview:-1"},"canonical":"https:\/\/www.himalayaclub.be\/contact\/","og_locale":"fr_FR","og_type":"article","og_title":"Contact - The Himalaya Club","og_description":"Contactez The Himalaya Club +32 (0) 477 96 82 54 info@himalayaclub.be Ladderstraat 65 3620 Lanaken Belgium Voulez-vous nous r\u00e9server? Foodtrucks Asiatique R\u00e9servez nos foodtrucks asiatiques pour tous vos \u00e9v\u00e8nements, qu\u2019ils soient petits ou grands. Profitez de notre service autant amical qu\u2019aimable et laissez d\u00e9couvrir notre d\u00e9licieuse cuisine asiatique \u00e0 vos visiteurs. En savoir plus sur [&hellip;]","og_url":"https:\/\/www.himalayaclub.be\/contact\/","og_site_name":"The Himalaya Club","article_modified_time":"2023-03-26T09:58:20+00:00","twitter_card":"summary_large_image","schema":{"@context":"https:\/\/schema.org","@graph":[{"@type":"WebPage","@id":"https:\/\/www.himalayaclub.be\/contact\/","url":"https:\/\/www.himalayaclub.be\/contact\/","name":"Contact - The Himalaya Club","isPartOf":{"@id":"https:\/\/www.himalayaclub.be\/#website"},"datePublished":"2016-10-18T16:10:07+00:00","dateModified":"2023-03-26T09:58:20+00:00","breadcrumb":{"@id":"https:\/\/www.himalayaclub.be\/contact\/#breadcrumb"},"inLanguage":"fr-FR","potentialAction":[{"@type":"ReadAction","target":["https:\/\/www.himalayaclub.be\/contact\/"]}]},{"@type":"BreadcrumbList","@id":"https:\/\/www.himalayaclub.be\/contact\/#breadcrumb","itemListElement":[{"@type":"ListItem","position":1,"name":"Home","item":"https:\/\/www.himalayaclub.be\/"},{"@type":"ListItem","position":2,"name":"Contact"}]},{"@type":"WebSite","@id":"https:\/\/www.himalayaclub.be\/#website","url":"https:\/\/www.himalayaclub.be\/","name":"The Himalaya Club","description":"Aziatisch Streetfood","potentialAction":[{"@type":"SearchAction","target":{"@type":"EntryPoint","urlTemplate":"https:\/\/www.himalayaclub.be\/?s={search_term_string}"},"query-input":"required name=search_term_string"}],"inLanguage":"fr-FR"}]}},"_links":{"self":[{"href":"https:\/\/www.himalayaclub.be\/fr\/wp-json\/wp\/v2\/pages\/19"}],"collection":[{"href":"https:\/\/www.himalayaclub.be\/fr\/wp-json\/wp\/v2\/pages"}],"about":[{"href":"https:\/\/www.himalayaclub.be\/fr\/wp-json\/wp\/v2\/types\/page"}],"author":[{"embeddable":true,"href":"https:\/\/www.himalayaclub.be\/fr\/wp-json\/wp\/v2\/users\/1"}],"replies":[{"embeddable":true,"href":"https:\/\/www.himalayaclub.be\/fr\/wp-json\/wp\/v2\/comments?post=19"}],"version-history":[{"count":71,"href":"https:\/\/www.himalayaclub.be\/fr\/wp-json\/wp\/v2\/pages\/19\/revisions"}],"predecessor-version":[{"id":14090,"href":"https:\/\/www.himalayaclub.be\/fr\/wp-json\/wp\/v2\/pages\/19\/revisions\/14090"}],"wp:attachment":[{"href":"https:\/\/www.himalayaclub.be\/fr\/wp-json\/wp\/v2\/media?parent=19"}],"curies":[{"name":"wp","href":"https:\/\/api.w.org\/{rel}","templated":true}]}}