{"id":2,"date":"2016-10-18T15:47:15","date_gmt":"2016-10-18T15:47:15","guid":{"rendered":"http:\/\/himalayaclub.be.yoolswebsite.be\/?page_id=2"},"modified":"2022-06-23T17:06:50","modified_gmt":"2022-06-23T17:06:50","slug":"home","status":"publish","type":"page","link":"https:\/\/www.himalayaclub.be\/fr\/","title":{"rendered":"Street food Asiatique"},"content":{"rendered":"<div class=\"sectie intro\">\n<div class=\"row\">\n<div class=\"col-50 lepel\"><\/div>\n<div class=\"col-50\">\n<h2>L&rsquo;Himalaya Club<\/h2>\n<h4>Streetfood Asiatique<\/h4>\n<p>Pendant des ann\u00e9es, nos <a href=\"http:\/\/himalayaclub.be\/aziatische-foodtruck\/\">foodtrucks<\/a> et stands de nourriture asiatiques ont organis\u00e9 de grands et petits \u00e9v\u00e9nements et nous avons permis aux visiteurs de savourer une d\u00e9licieuse cuisine tib\u00e9taine. Nos authentiques chefs tib\u00e9tains transforment les nouilles fra\u00eeches, les l\u00e9gumes croustillants et la viande savoureuse en un spectacle complet aromatique et app\u00e9tissant pour les papilles.<\/p>\n<p><a class=\"btn\" href=\"https:\/\/www.himalayaclub.be\/fr\/over-himalaya-club\/\">En savoir plus de l&rsquo;Himalaya Club<\/a><\/p>\n<\/p><\/div>\n<\/p><\/div>\n<\/div>\n<div class=\"sectie galerij\">\n<div class=\"acf-gallery-5\">\n<ul>\n<li>\n                        <a href=\"https:\/\/www.himalayaclub.be\/wp-content\/uploads\/foto-finger-foodtruck.png\" class=\"fancybox\" rel=\"gallery\"><\/p>\n<div class=\"gallery-img\" style=\"background-image: url('https:\/\/www.himalayaclub.be\/wp-content\/uploads\/foto-finger-foodtruck.png');\"><\/div>\n<p>                        <\/a>\n                    <\/li>\n<li>\n                        <a href=\"https:\/\/www.himalayaclub.be\/wp-content\/uploads\/foto-foodtuckfestival.png\" class=\"fancybox\" rel=\"gallery\"><\/p>\n<div class=\"gallery-img\" style=\"background-image: url('https:\/\/www.himalayaclub.be\/wp-content\/uploads\/foto-foodtuckfestival.png');\"><\/div>\n<p>                        <\/a>\n                    <\/li>\n<li>\n                        <a href=\"https:\/\/www.himalayaclub.be\/wp-content\/uploads\/05.jpg\" class=\"fancybox\" rel=\"gallery\"><\/p>\n<div class=\"gallery-img\" style=\"background-image: url('https:\/\/www.himalayaclub.be\/wp-content\/uploads\/05.jpg');\"><\/div>\n<p>                        <\/a>\n                    <\/li>\n<li>\n                        <a href=\"https:\/\/www.himalayaclub.be\/wp-content\/uploads\/10.jpg\" class=\"fancybox\" rel=\"gallery\"><\/p>\n<div class=\"gallery-img\" style=\"background-image: url('https:\/\/www.himalayaclub.be\/wp-content\/uploads\/10.jpg');\"><\/div>\n<p>                        <\/a>\n                    <\/li>\n<li>\n                        <a href=\"https:\/\/www.himalayaclub.be\/wp-content\/uploads\/20.jpg\" class=\"fancybox\" rel=\"gallery\"><\/p>\n<div class=\"gallery-img\" style=\"background-image: url('https:\/\/www.himalayaclub.be\/wp-content\/uploads\/20.jpg');\"><\/div>\n<p>                        <\/a>\n                    <\/li>\n<li>\n                        <a href=\"https:\/\/www.himalayaclub.be\/wp-content\/uploads\/BAR4.jpg\" class=\"fancybox\" rel=\"gallery\"><\/p>\n<div class=\"gallery-img\" style=\"background-image: url('https:\/\/www.himalayaclub.be\/wp-content\/uploads\/BAR4.jpg');\"><\/div>\n<p>                        <\/a>\n                    <\/li>\n<li>\n                        <a href=\"https:\/\/www.himalayaclub.be\/wp-content\/uploads\/BAR4_1.jpg\" class=\"fancybox\" rel=\"gallery\"><\/p>\n<div class=\"gallery-img\" style=\"background-image: url('https:\/\/www.himalayaclub.be\/wp-content\/uploads\/BAR4_1.jpg');\"><\/div>\n<p>                        <\/a>\n                    <\/li>\n<li>\n                        <a href=\"https:\/\/www.himalayaclub.be\/wp-content\/uploads\/BAR4_2.jpg\" class=\"fancybox\" rel=\"gallery\"><\/p>\n<div class=\"gallery-img\" style=\"background-image: url('https:\/\/www.himalayaclub.be\/wp-content\/uploads\/BAR4_2.jpg');\"><\/div>\n<p>                        <\/a>\n                    <\/li>\n<li>\n                        <a href=\"https:\/\/www.himalayaclub.be\/wp-content\/uploads\/Bokrijk.jpg\" class=\"fancybox\" rel=\"gallery\"><\/p>\n<div class=\"gallery-img\" style=\"background-image: url('https:\/\/www.himalayaclub.be\/wp-content\/uploads\/Bokrijk.jpg');\"><\/div>\n<p>                        <\/a>\n                    <\/li>\n<li>\n                        <a href=\"https:\/\/www.himalayaclub.be\/wp-content\/uploads\/Bokrijk2.jpg\" class=\"fancybox\" rel=\"gallery\"><\/p>\n<div class=\"gallery-img\" style=\"background-image: url('https:\/\/www.himalayaclub.be\/wp-content\/uploads\/Bokrijk2.jpg');\"><\/div>\n<p>                        <\/a>\n                    <\/li>\n<li>\n                        <a href=\"https:\/\/www.himalayaclub.be\/wp-content\/uploads\/COW_Bokrijk_2018.jpg\" class=\"fancybox\" rel=\"gallery\"><\/p>\n<div class=\"gallery-img\" style=\"background-image: url('https:\/\/www.himalayaclub.be\/wp-content\/uploads\/COW_Bokrijk_2018.jpg');\"><\/div>\n<p>                        <\/a>\n                    <\/li>\n<li>\n                        <a href=\"https:\/\/www.himalayaclub.be\/wp-content\/uploads\/F1_800.jpg\" class=\"fancybox\" rel=\"gallery\"><\/p>\n<div class=\"gallery-img\" style=\"background-image: url('https:\/\/www.himalayaclub.be\/wp-content\/uploads\/F1_800.jpg');\"><\/div>\n<p>                        <\/a>\n                    <\/li>\n<li>\n                        <a href=\"https:\/\/www.himalayaclub.be\/wp-content\/uploads\/Facade_tent-min.jpg\" class=\"fancybox\" rel=\"gallery\"><\/p>\n<div class=\"gallery-img\" style=\"background-image: url('https:\/\/www.himalayaclub.be\/wp-content\/uploads\/Facade_tent-min.jpg');\"><\/div>\n<p>                        <\/a>\n                    <\/li>\n<li>\n                        <a href=\"https:\/\/www.himalayaclub.be\/wp-content\/uploads\/Mix.jpg\" class=\"fancybox\" rel=\"gallery\"><\/p>\n<div class=\"gallery-img\" style=\"background-image: url('https:\/\/www.himalayaclub.be\/wp-content\/uploads\/Mix.jpg');\"><\/div>\n<p>                        <\/a>\n                    <\/li>\n<li>\n                        <a href=\"https:\/\/www.himalayaclub.be\/wp-content\/uploads\/PKP.jpg\" class=\"fancybox\" rel=\"gallery\"><\/p>\n<div class=\"gallery-img\" style=\"background-image: url('https:\/\/www.himalayaclub.be\/wp-content\/uploads\/PKP.jpg');\"><\/div>\n<p>                        <\/a>\n                    <\/li>\n<\/ul><\/div>\n<p> <!-- .acf-gallery --><\/p>\n<\/div>\n<div class=\"sectie zoek\" style=\"background-image: url('https:\/\/www.himalayaclub.be\/wp-content\/uploads\/bannerzoek.png');\">\n<div class=\"sheet\">\n<h2>Que cherchez-vous?<\/p>\n<div class=\"row\">\n<div class=\"col-50 texture\">\n<h4>Foodtrucks Asiatique<\/h4>\n<p>R\u00e9servez nos food trucks asiatiques pour tous vos \u00e9v\u00e8nements, qu\u2019ils soient petits ou grands. Profitez de notre service autant amical qu\u2019aimable et laissez d\u00e9couvrir notre d\u00e9licieuse cuisine asiatique \u00e0 vos visiteurs<\/p>\n<p><a class=\"btn\" href=\"https:\/\/www.himalayaclub.be\/fr\/aziatische-foodtruck\/\">En savoir plus sur notre foodtrucks Asiatique\u00a0<\/a><\/p>\n<\/p><\/div>\n<div class=\"col-50 texture\">\n<h4>Restauration Asiatique<\/h4>\n<p>Ajoutez un th\u00e8me asiatique \u00e0 votre mariage, \u00e9v\u00e9nement d&rsquo;entreprise ou autres. Vos invit\u00e9s d\u00e9gusterons une vari\u00e9t\u00e9 de d\u00e9licieux plats asiatiques, pr\u00e9par\u00e9s et servis par des professionnels.<\/p>\n<p><a class=\"btn\" href=\"https:\/\/www.himalayaclub.be\/fr\/aziatische-catering\/\">En savoir plus sur notre catering Asiatique<\/a><\/p>\n<p>&nbsp;<\/p>\n<\/p><\/div>\n<\/p><\/div>\n<\/p><\/div>\n<\/div>\n<div class=\"sectie usp\">\n<div class=\"sheet\">\n<div class=\"row\">\n<div class=\"col-3\">\n<div class=\"imbox\">\n\t\t\t\t\t<img decoding=\"async\" src=\"https:\/\/www.himalayaclub.be\/wp-content\/uploads\/authentieke-aziatische-keuken.png\">\n\t\t\t\t<\/div>\n<p> <!-- .img --><\/p>\n<h5>Cuisine asiatique authentique<\/h5>\n<p>Nos chefs tib\u00e9tains recr\u00e9ent des anciens plats tib\u00e9tains, aux recettes transmises de g\u00e9n\u00e9ration en g\u00e9n\u00e9ration.<\/p>\n<\/p><\/div>\n<div class=\"col-3\">\n<div class=\"imbox\">\n\t\t\t\t\t<img decoding=\"async\" src=\"https:\/\/www.himalayaclub.be\/wp-content\/uploads\/uitstekende-service.png\">\n\t\t\t\t<\/div>\n<p> <!-- .img --><\/p>\n<h5>Service excellent<\/h5>\n<p>L&rsquo;\u00e9quipe de l&rsquo;Himalaya Club forment ensemble une machine bien huil\u00e9e. Nous travaillons toujours de mani\u00e8re efficace et avec le sourire.<\/p>\n<\/p><\/div>\n<div class=\"col-3\">\n<div class=\"imbox\">\n\t\t\t\t\t<img decoding=\"async\" src=\"https:\/\/www.himalayaclub.be\/wp-content\/uploads\/Milieubewust.png\">\n\t\t\t\t<\/div>\n<p> <!-- .img --><\/p>\n<h5>Soucieux de l&rsquo;environnement<\/h5>\n<p>Nous cuisinons \u00e0 base de produits haut de gamme et biologiques, \u00a0et nous utilisons \u00e9galement des assiettes et couverts biod\u00e9gradables.<\/p>\n<\/p><\/div>\n<\/p><\/div>\n<div class=\"row\">\n<div class=\"col-3\">\n<div class=\"imbox\">\n\t\t\t\t\t<img decoding=\"async\" src=\"https:\/\/www.himalayaclub.be\/wp-content\/uploads\/ico-goede-doelen.png\">\n\t\t\t\t<\/div>\n<p> <!-- .img --><\/p>\n<h5>Bonnes causes<\/h5>\n<p>Avec une grande partie de nos revenus, nous soutenons la population tib\u00e9taine et am\u00e9liorons leur bien-\u00eatre. Lire plus<\/p>\n<h5><\/h5>\n<\/p><\/div>\n<div class=\"col-3\">\n<div class=\"imbox\">\n\t\t\t\t\t<img decoding=\"async\" src=\"https:\/\/www.himalayaclub.be\/wp-content\/uploads\/professionele-uitrusting.png\">\n\t\t\t\t<\/div>\n<p> <!-- .img --><\/p>\n<h5>\u00c9quipement professionnel<\/h5>\n<p>Nous disposons de r\u00e9frig\u00e9rateurs industriels et de cong\u00e9lateurs a un point central en Belgique et utilisons des logiciels de gestion innovants.<\/p>\n<\/p><\/div>\n<div class=\"col-3\">\n<div class=\"imbox\">\n\t\t\t\t\t<img decoding=\"async\" src=\"https:\/\/www.himalayaclub.be\/wp-content\/uploads\/eerlijke-prijzen.png\">\n\t\t\t\t<\/div>\n<p> <!-- .img --><\/p>\n<h5>Prix \u00e9quitables<\/h5>\n<p>Pour permettre \u00e0 autant de personnes que possible d&rsquo;appr\u00e9cier notre cuisine asiatique authentique, nous appliquons des prix \u00e9quitables \u00e0 nos plats.<\/p>\n<\/p><\/div>\n<\/p><\/div>\n<\/p><\/div>\n<\/div>\n<div class=\"sectie cta\" style=\"background:url('https:\/\/www.himalayaclub.be\/wp-content\/uploads\/ctabanner.png');\">\n<div class=\"sheet\">\n<h2>Offrez \u00e0 vos visiteurs de street food asiatique d\u00e9licieuse et authentique<\/h2>\n<p><a class=\"btn\" href=\"\/fr\/foodtrucks-asiatique\/#boek\">R\u00e9servez notre foodtruck<\/a><a class=\"altb btn\" href=\"\/fr\/restauration-asiatique\/#reserveer\">R\u00e9servez nous pour la restauration<\/a><\/p>\n<\/p><\/div>\n<p> <!-- .sheet -->\n\t\t<\/div>\n<div class=\"sectie events\">\n<div class=\"sheet\">\n<h2>\u00c9v\u00e9nements<\/h2>\n<div class=\"logo-slider\">\n<div class=\"slideshow_container slideshow_container_style-light\" style=\"height: 110px; \" data-slideshow-id=\"491\" data-style-name=\"style-light\" data-style-version=\"2.3.1\" >\n<div class=\"slideshow_loading_icon\"><\/div>\n<div class=\"slideshow_content\" style=\"display: none;\">\n<div class=\"slideshow_view\">\n<div class=\"slideshow_slide slideshow_slide_image\">\n\t\t\t\t\t<a href=\"https:\/\/www.rockwerchter.be\/nl\/\" target=\"_blank\" >\t\t\t\t\t\t<img loading=\"lazy\" decoding=\"async\" src=\"https:\/\/www.himalayaclub.be\/wp-content\/uploads\/rock-werchter.png\" alt=\"rock-werchter\" width=\"179\" height=\"70\" \/><br \/>\n\t\t\t\t\t<\/a>\t\t\t\t\t<\/p>\n<div class=\"slideshow_description_box slideshow_transparent\">\n<div class=\"slideshow_title\"><a href=\"https:\/\/www.rockwerchter.be\/nl\/\" target=\"_blank\" >rock-werchter<\/a><\/div>\n<\/p><\/div>\n<\/p><\/div>\n<div class=\"slideshow_slide slideshow_slide_image\">\n\t\t\t\t\t<a href=\"https:\/\/www.pinkpop.nl\/2019\/\" target=\"_blank\" >\t\t\t\t\t\t<img loading=\"lazy\" decoding=\"async\" src=\"https:\/\/www.himalayaclub.be\/wp-content\/uploads\/pinkpop.png\" alt=\"pinkpop\" width=\"169\" height=\"74\" \/><br \/>\n\t\t\t\t\t<\/a>\t\t\t\t\t<\/p>\n<div class=\"slideshow_description_box slideshow_transparent\">\n<div class=\"slideshow_title\"><a href=\"https:\/\/www.pinkpop.nl\/2019\/\" target=\"_blank\" >pinkpop<\/a><\/div>\n<\/p><\/div>\n<\/p><\/div>\n<div class=\"slideshow_slide slideshow_slide_image\">\n\t\t\t\t\t<a href=\"http:\/\/www.lesardentes.be\/festival\/en\" target=\"_blank\" >\t\t\t\t\t\t<img loading=\"lazy\" decoding=\"async\" src=\"https:\/\/www.himalayaclub.be\/wp-content\/uploads\/les-ardentes.png\" alt=\"les-ardentes\" width=\"185\" height=\"83\" \/><br \/>\n\t\t\t\t\t<\/a>\t\t\t\t\t<\/p>\n<div class=\"slideshow_description_box slideshow_transparent\">\n<div class=\"slideshow_title\"><a href=\"http:\/\/www.lesardentes.be\/festival\/en\" target=\"_blank\" >les-ardentes<\/a><\/div>\n<\/p><\/div>\n<\/p><\/div>\n<div class=\"slideshow_slide slideshow_slide_image\">\n\t\t\t\t\t<a href=\"https:\/\/www.festivaldranouter.be\/\" target=\"_blank\" >\t\t\t\t\t\t<img loading=\"lazy\" decoding=\"async\" src=\"https:\/\/www.himalayaclub.be\/wp-content\/uploads\/dranouter.png\" alt=\"dranouter\" width=\"191\" height=\"83\" \/><br \/>\n\t\t\t\t\t<\/a>\t\t\t\t\t<\/p>\n<div class=\"slideshow_description_box slideshow_transparent\">\n<div class=\"slideshow_title\"><a href=\"https:\/\/www.festivaldranouter.be\/\" target=\"_blank\" >dranouter<\/a><\/div>\n<\/p><\/div>\n<\/p><\/div>\n<div class=\"slideshow_slide slideshow_slide_image\">\n\t\t\t\t\t<a href=\"https:\/\/www.couleurcafe.be\/nl\/\" target=\"_blank\" >\t\t\t\t\t\t<img loading=\"lazy\" decoding=\"async\" src=\"https:\/\/www.himalayaclub.be\/wp-content\/uploads\/couleur-cafe.png\" alt=\"couleur-cafe\" width=\"189\" height=\"105\" \/><br \/>\n\t\t\t\t\t<\/a>\t\t\t\t\t<\/p>\n<div class=\"slideshow_description_box slideshow_transparent\">\n<div class=\"slideshow_title\"><a href=\"https:\/\/www.couleurcafe.be\/nl\/\" target=\"_blank\" >couleur-cafe<\/a><\/div>\n<\/p><\/div>\n<\/p><\/div>\n<div style=\"clear: both;\"><\/div>\n<\/div><\/div>\n<div class=\"slideshow_controlPanel slideshow_transparent\" style=\"display: none;\">\n<ul>\n<li class=\"slideshow_togglePlay\" data-play-text=\"Play\" data-pause-text=\"Pause\"><\/li>\n<\/ul>\n<\/div>\n<div class=\"slideshow_button slideshow_previous slideshow_transparent\" role=\"button\" data-previous-text=\"Pr\u00e9c\u00e9dent\" style=\"display: none;\"><\/div>\n<div class=\"slideshow_button slideshow_next slideshow_transparent\" role=\"button\" data-next-text=\"Suivant\" style=\"display: none;\"><\/div>\n<div class=\"slideshow_pagination\" style=\"display: none;\" data-go-to-text=\"Go to slide\">\n<div class=\"slideshow_pagination_center\"><\/div>\n<\/div>\n<p>\t\t<!-- WordPress Slideshow Version 2.3.1 --><\/p><\/div>\n<\/p><\/div>\n<\/p><\/div>\n<\/div>\n<div class=\"sectie goededoelen\">\n<div class=\"sheet\">\n<h2>Bonnes causes<\/h2>\n<p>L&rsquo;Himalaya Club\u00a0soutient de mani\u00e8re permanente le peuple tib\u00e9tain et sa culture de trois mani\u00e8res: assistance m\u00e9dicale, protection des temples et diffusion de la culture en Europe. Cliquez sur pour en savoir plus sur nos bonnes causes.<\/p>\n<p><a class=\"btn-ghost\" href=\"https:\/\/www.himalayaclub.be\/fr\/goede-doelen\/\">En savoir plus sur nos bonnes causes<\/a><\/p>\n<p>\t\t<img decoding=\"async\" src=\"\/wp-content\/uploads\/himalaya-line.png\"><\/p>\n<div class=\"news-block row \">\n<div class=\"col-40\">\n<a href=\"\/miss-exclusive\" style=\"display:block\"><\/p>\n<div class=\"post-img\" style=\"background-image:url('https:\/\/www.himalayaclub.be\/wp-content\/uploads\/38071427_1888754214543546_7092334157933576192_n.jpg')\"><\/div>\n<p><\/a>\n<\/div>\n<p> <!-- .col-50 --><\/p>\n<div class=\"col-60\">\n<h4>Miss Exclusive<\/h4>\n<p>Miss Tenzin Zomkey is een Belgische studente van Tibetaanse origine, en \u00e9\u00e9n van de finalisten bij de verkiezing van Miss Exclusive 2019. Ze werd in september 2001 geboren te Mundgod, een Tibetaanse kolonie in India, in een gezin van landbouwers. Miss Tenzin Zomkey is de eerste Tibetaanse en jongste finaliste\u2026 <\/p>\n<p><a href=\"\/miss-exclusive\" class=\"btn\">Lees meer<\/a><\/p>\n<\/div>\n<p> <!-- .col-50 --><\/p>\n<\/div>\n<p> <!-- .news-block .row --><\/p><\/div>\n<\/div>\n<p>?><\/p>\n<div class=\"sheet instag\">\n[instagram-feed]\n<\/div>\n","protected":false},"excerpt":{"rendered":"<p> [&hellip;]<\/p>\n","protected":false},"author":1,"featured_media":0,"parent":0,"menu_order":10,"comment_status":"closed","ping_status":"closed","template":"","meta":{"footnotes":""},"yoast_head":"<!-- This site is optimized with the Yoast SEO plugin v22.9 - https:\/\/yoast.com\/wordpress\/plugins\/seo\/ -->\n<title>Foodtruck &amp; Aziatisch Streetfood - The Himalaya Club<\/title>\n<meta name=\"description\" content=\"Al jaren kleuren onze Asian foodtrucks en food stalls grote en kleine evenementen en laten wij bezoekers wervelen van heerlijk Asian streetfood. Onze professionele Tibetaanse chefs toveren verse noedels, knapperige groenten en smaakvol vlees om tot een geurlijk en watertandend totaalspektakel voor de smaakpapillen.\" \/>\n<meta name=\"robots\" content=\"index, follow, max-snippet:-1, max-image-preview:large, max-video-preview:-1\" \/>\n<link rel=\"canonical\" href=\"https:\/\/www.himalayaclub.be\/\" \/>\n<meta property=\"og:locale\" content=\"fr_FR\" \/>\n<meta property=\"og:type\" content=\"article\" \/>\n<meta property=\"og:title\" content=\"Foodtruck &amp; Aziatisch Streetfood - The Himalaya Club\" \/>\n<meta property=\"og:description\" content=\"Al jaren kleuren onze Asian foodtrucks en food stalls grote en kleine evenementen en laten wij bezoekers wervelen van heerlijk Asian streetfood. Onze professionele Tibetaanse chefs toveren verse noedels, knapperige groenten en smaakvol vlees om tot een geurlijk en watertandend totaalspektakel voor de smaakpapillen.\" \/>\n<meta property=\"og:url\" content=\"https:\/\/www.himalayaclub.be\/\" \/>\n<meta property=\"og:site_name\" content=\"The Himalaya Club\" \/>\n<meta property=\"article:modified_time\" content=\"2022-06-23T17:06:50+00:00\" \/>\n<meta name=\"twitter:card\" content=\"summary_large_image\" \/>\n<script type=\"application\/ld+json\" class=\"yoast-schema-graph\">{\"@context\":\"https:\/\/schema.org\",\"@graph\":[{\"@type\":\"WebPage\",\"@id\":\"https:\/\/www.himalayaclub.be\/\",\"url\":\"https:\/\/www.himalayaclub.be\/\",\"name\":\"Foodtruck & Aziatisch Streetfood - The Himalaya Club\",\"isPartOf\":{\"@id\":\"https:\/\/www.himalayaclub.be\/#website\"},\"datePublished\":\"2016-10-18T15:47:15+00:00\",\"dateModified\":\"2022-06-23T17:06:50+00:00\",\"description\":\"Al jaren kleuren onze Asian foodtrucks en food stalls grote en kleine evenementen en laten wij bezoekers wervelen van heerlijk Asian streetfood. Onze professionele Tibetaanse chefs toveren verse noedels, knapperige groenten en smaakvol vlees om tot een geurlijk en watertandend totaalspektakel voor de smaakpapillen.\",\"breadcrumb\":{\"@id\":\"https:\/\/www.himalayaclub.be\/#breadcrumb\"},\"inLanguage\":\"fr-FR\",\"potentialAction\":[{\"@type\":\"ReadAction\",\"target\":[\"https:\/\/www.himalayaclub.be\/\"]}]},{\"@type\":\"BreadcrumbList\",\"@id\":\"https:\/\/www.himalayaclub.be\/#breadcrumb\",\"itemListElement\":[{\"@type\":\"ListItem\",\"position\":1,\"name\":\"Home\",\"item\":\"https:\/\/www.himalayaclub.be\/\"},{\"@type\":\"ListItem\",\"position\":2,\"name\":\"Aziatisch Streetfood\"}]},{\"@type\":\"WebSite\",\"@id\":\"https:\/\/www.himalayaclub.be\/#website\",\"url\":\"https:\/\/www.himalayaclub.be\/\",\"name\":\"The Himalaya Club\",\"description\":\"Aziatisch Streetfood\",\"potentialAction\":[{\"@type\":\"SearchAction\",\"target\":{\"@type\":\"EntryPoint\",\"urlTemplate\":\"https:\/\/www.himalayaclub.be\/?s={search_term_string}\"},\"query-input\":\"required name=search_term_string\"}],\"inLanguage\":\"fr-FR\"}]}<\/script>\n<!-- \/ Yoast SEO plugin. -->","yoast_head_json":{"title":"Foodtruck & Aziatisch Streetfood - The Himalaya Club","description":"Al jaren kleuren onze Asian foodtrucks en food stalls grote en kleine evenementen en laten wij bezoekers wervelen van heerlijk Asian streetfood. Onze professionele Tibetaanse chefs toveren verse noedels, knapperige groenten en smaakvol vlees om tot een geurlijk en watertandend totaalspektakel voor de smaakpapillen.","robots":{"index":"index","follow":"follow","max-snippet":"max-snippet:-1","max-image-preview":"max-image-preview:large","max-video-preview":"max-video-preview:-1"},"canonical":"https:\/\/www.himalayaclub.be\/","og_locale":"fr_FR","og_type":"article","og_title":"Foodtruck & Aziatisch Streetfood - The Himalaya Club","og_description":"Al jaren kleuren onze Asian foodtrucks en food stalls grote en kleine evenementen en laten wij bezoekers wervelen van heerlijk Asian streetfood. Onze professionele Tibetaanse chefs toveren verse noedels, knapperige groenten en smaakvol vlees om tot een geurlijk en watertandend totaalspektakel voor de smaakpapillen.","og_url":"https:\/\/www.himalayaclub.be\/","og_site_name":"The Himalaya Club","article_modified_time":"2022-06-23T17:06:50+00:00","twitter_card":"summary_large_image","schema":{"@context":"https:\/\/schema.org","@graph":[{"@type":"WebPage","@id":"https:\/\/www.himalayaclub.be\/","url":"https:\/\/www.himalayaclub.be\/","name":"Foodtruck & Aziatisch Streetfood - The Himalaya Club","isPartOf":{"@id":"https:\/\/www.himalayaclub.be\/#website"},"datePublished":"2016-10-18T15:47:15+00:00","dateModified":"2022-06-23T17:06:50+00:00","description":"Al jaren kleuren onze Asian foodtrucks en food stalls grote en kleine evenementen en laten wij bezoekers wervelen van heerlijk Asian streetfood. Onze professionele Tibetaanse chefs toveren verse noedels, knapperige groenten en smaakvol vlees om tot een geurlijk en watertandend totaalspektakel voor de smaakpapillen.","breadcrumb":{"@id":"https:\/\/www.himalayaclub.be\/#breadcrumb"},"inLanguage":"fr-FR","potentialAction":[{"@type":"ReadAction","target":["https:\/\/www.himalayaclub.be\/"]}]},{"@type":"BreadcrumbList","@id":"https:\/\/www.himalayaclub.be\/#breadcrumb","itemListElement":[{"@type":"ListItem","position":1,"name":"Home","item":"https:\/\/www.himalayaclub.be\/"},{"@type":"ListItem","position":2,"name":"Aziatisch Streetfood"}]},{"@type":"WebSite","@id":"https:\/\/www.himalayaclub.be\/#website","url":"https:\/\/www.himalayaclub.be\/","name":"The Himalaya Club","description":"Aziatisch Streetfood","potentialAction":[{"@type":"SearchAction","target":{"@type":"EntryPoint","urlTemplate":"https:\/\/www.himalayaclub.be\/?s={search_term_string}"},"query-input":"required name=search_term_string"}],"inLanguage":"fr-FR"}]}},"_links":{"self":[{"href":"https:\/\/www.himalayaclub.be\/fr\/wp-json\/wp\/v2\/pages\/2"}],"collection":[{"href":"https:\/\/www.himalayaclub.be\/fr\/wp-json\/wp\/v2\/pages"}],"about":[{"href":"https:\/\/www.himalayaclub.be\/fr\/wp-json\/wp\/v2\/types\/page"}],"author":[{"embeddable":true,"href":"https:\/\/www.himalayaclub.be\/fr\/wp-json\/wp\/v2\/users\/1"}],"replies":[{"embeddable":true,"href":"https:\/\/www.himalayaclub.be\/fr\/wp-json\/wp\/v2\/comments?post=2"}],"version-history":[{"count":89,"href":"https:\/\/www.himalayaclub.be\/fr\/wp-json\/wp\/v2\/pages\/2\/revisions"}],"predecessor-version":[{"id":10576,"href":"https:\/\/www.himalayaclub.be\/fr\/wp-json\/wp\/v2\/pages\/2\/revisions\/10576"}],"wp:attachment":[{"href":"https:\/\/www.himalayaclub.be\/fr\/wp-json\/wp\/v2\/media?parent=2"}],"curies":[{"name":"wp","href":"https:\/\/api.w.org\/{rel}","templated":true}]}}