{"id":268,"date":"2017-09-19T08:39:59","date_gmt":"2017-09-19T08:39:59","guid":{"rendered":"http:\/\/himalayaclub.be.yoolswebsite.be\/?page_id=268"},"modified":"2019-04-19T13:34:11","modified_gmt":"2019-04-19T13:34:11","slug":"disclaimer","status":"publish","type":"page","link":"https:\/\/www.himalayaclub.be\/fr\/disclaimer\/","title":{"rendered":"Disclaimer"},"content":{"rendered":"<p><\/p>\n<div class=\"sheet\" style=\"margin-bottom: 48px;\">\n<h2>D\u00e9claration de respect de la vie priv\u00e9e<\/h2>\n<p>Ce site web appartient \u00e0 BYTE IT GCV<\/p>\n<h3>Coordonn\u00e9es<\/h3>\n<p>\n<b>Adresse du si\u00e8ge social:<\/b><br \/>Kesseldallaan 12\/302, 3010 Leuven<br \/>\n<b>T\u00e9l\u00e9phone:<\/b><br \/>0474631710<br \/>\n<b>E-mail:<\/b><br \/>info@himalayaclub.be<br \/>\n<b>Num\u00e9ro d\u2019entreprise:<\/b><br \/>BE0639731727<\/p>\n<p>En visitant et en utilisant ce site web, vous marquez express\u00e9ment votre accord avec ce qui suit<\/p>\n<h3>Droits de propri\u00e9t\u00e9 intellectuelle<\/h3>\n<p>Le contenu de ce site, y compris les marques, les logos, les dessins, les donn\u00e9es, les noms de produits et d\u2019entreprises, les textes, les images, etc. sont prot\u00e9g\u00e9s par des droits intellectuels et appartiennent \u00e0 BYTE IT GCV ou \u00e0 des ayant droit tiers.<\/p>\n<h3>Limitation de responsabilit\u00e9<\/h3>\n<p>Les informations sur le site sont de nature g\u00e9n\u00e9rale. Ces informations ne sont pas adapt\u00e9es \u00e0 des circonstances personnelles ou sp\u00e9cifiques et ne peuvent donc pas \u00eatre consid\u00e9r\u00e9es comme un conseil personnel, professionnel ou juridique \u00e0 l\u2019utilisateur.<\/p>\n<p>BYTE IT GCV s\u2019efforce de fournir une information compl\u00e8te, juste, pr\u00e9cise et actualis\u00e9e. Malgr\u00e9 ces efforts, des inexactitudes peuvent survenir dans les informations fournies. Au cas o\u00f9 les informations fournies contiendraient des inexactitudes ou des informations donn\u00e9es ne seraient pas disponibles sur le site, BYTE IT GCV mettra tout en \u0153uvre pour y rem\u00e9dier le plus vite possible.<br \/>\nBYTE IT GCV ne peut toutefois pas \u00eatre tenu pour responsable du pr\u00e9judice direct ou indirect r\u00e9sultant de l\u2019utilisation des informations sur ce site.<br \/>\nSi vous constatez des inexactitudes dans les informations publi\u00e9es sur le site, vous pouvez contacter le gestionnaire du site.<br \/>\n<br \/>\nLe contenu du site (liens compris) peut \u00e0 tout moment \u00eatre adapt\u00e9, modifi\u00e9 ou compl\u00e9t\u00e9 sans pr\u00e9avis ni notification. BYTE IT GCV ne donne aucune garantie concernant le bon fonctionnement du site web et ne peut d\u2019aucune mani\u00e8re \u00eatre tenu responsable d\u2019un dysfonctionnement ou d\u2019une indisponibilit\u00e9 temporaire du site web ou de tout type de dommage, direct ou indirect, r\u00e9sultant de l\u2019acc\u00e8s au site web ou de l\u2019utilisation de celui-ci.<br \/>\nBYTE IT GCV ne peut en aucun cas \u00eatre tenu responsable vis-\u00e0-vis de quiconque, de fa\u00e7on directe ou indirecte, pour un dommage r\u00e9sultant de l\u2019usage de ce site ou d\u2019un autre, notamment du fait de liens ou d\u2019hyperliens, y compris, sans restriction, toutes les pertes, interruptions de travail, tous les dommages aux programmes ou \u00e0 d\u2019autres donn\u00e9es dans le syst\u00e8me informatique, ou \u00e0 des \u00e9quipements, des logiciels ou d\u2019autres biens de l\u2019utilisateur.<\/p>\n<p>Le site web peut contenir des hyperliens vers des sites ou des pages web de tiers ou s\u2019y r\u00e9f\u00e9rer indirectement. Le placement de liens vers ces sites ou pages web n\u2019implique nullement une approbation implicite du contenu de ceux-ci.<br \/>\nBYTE IT GCV d\u00e9clare express\u00e9ment qu\u2019il n\u2019a aucun contr\u00f4le sur le contenu ou d\u2019autres caract\u00e9ristiques de ces sites web et ne peut en aucun cas \u00eatre tenu pour responsable du contenu ou des caract\u00e9ristiques de ces sites web ou de tout autre type de dommage r\u00e9sultant de leur utilisation.<\/p>\n<h3>Droit applicable et tribunaux comp\u00e9tents<\/h3>\n<p>Le droit belge est d\u2019application \u00e0 ce site.<\/p>\n<h3>Politique de confidentialit\u00e9<\/h3>\n<p>BYTE IT GCV attache de l\u2019importance \u00e0 votre vie priv\u00e9e.<\/p>\n<p>Le responsable du traitement, BYTE IT GCV, respecte la l\u00e9gislation en vigueur en mati\u00e8re de protection de la vie priv\u00e9e dans le cadre du traitement des donn\u00e9es personnelles.<\/p>\n<p>BYTE IT GCV traite des donn\u00e9es personnelles parce que vous utilisez les services ou que vous avez vous-m\u00eame communiqu\u00e9 ces donn\u00e9es \u00e0 BYTE IT GCV.<\/p>\n<p>Voici un aper\u00e7u des donn\u00e9es personnelles que nous traitons :<br \/>\nDans le formulaire de contact, nous vous demandons votre pr\u00e9nom, nom, adresse \u00e9lectronique et num\u00e9ro de t\u00e9l\u00e9phone et une message libre. Dans le formulaire de commande, nous vous demandons votre nom, pr\u00e9nom, adresse \u00e9lectronique, t\u00e9l\u00e9phone, langue, adresse et heure du lieu, le nombre d&rsquo;invit\u00e9s attendu et une description de l&rsquo;\u00e9v\u00e9nement<br \/>\nLes donn\u00e9es personnelles communiqu\u00e9es par vous seront utilis\u00e9es aux fins suivantes :Nous demandons ces donn\u00e9es pour pouvoir envoyer un devis apte pour vous.<\/p>\n<p>BYTE IT GCV ne conserve pas vos donn\u00e9es personnelles plus longtemps qu\u2019il n\u2019est n\u00e9cessaire pour r\u00e9aliser les objectifs pour lesquels les donn\u00e9es sont collect\u00e9es.<br \/>\nNous conservons ces donn\u00e9es dans notre logiciel d\u2019entreprise Zoho.\n<\/p>\n<p>Vous avez le droit l\u00e9gal de consulter et de corriger \u00e9ventuellement vos donn\u00e9es personnelles. Moyennant une preuve d\u2019identit\u00e9 (copie de carte d\u2019identit\u00e9), vous pouvez obtenir gratuitement une communication de vos donn\u00e9es personnelles sur demande \u00e9crite, dat\u00e9e et sign\u00e9e \u00e0 BYTE IT GCV. Si n\u00e9cessaire, vous pouvez aussi demander de corriger les donn\u00e9es qui seraient incorrectes, incompl\u00e8tes ou non pertinentes.<\/p>\n<p>Vous pouvez vous opposer \u00e0 titre gratuit \u00e0 l\u2019utilisation de vos donn\u00e9es pour le marketing direct. Pour ce faire, vous pouvez toujours vous adresser \u00e0 BYTE IT GCV.<\/p>\n<p>Vos donn\u00e9es personnelles ne seront pas transmises \u00e0 des tiers.<\/p>\n<p>BYTE IT GCV peut collecter des donn\u00e9es anonymes ou agr\u00e9g\u00e9es de nature non personnelle, comme le type de navigateur ou l\u2019adresse IP, le syst\u00e8me d\u2019exploitation que vous utilisez ou le nom de domaine du site \u00e0 partir duquel vous visitez le site web ou \u00e0 destination duquel vous le quittez. Ceci nous permet d\u2019optimiser le site web en permanence pour les utilisateurs.<\/p>\n<h3>L\u2019utilisation de \u00ab cookies \u00bb.<\/h3>\n<p>Lors d\u2019une visite du site, des \u2018cookies\u2019 peuvent \u00eatre install\u00e9s sur le disque dur de votre ordinateur. Un cookie est un fichier texte qui est install\u00e9 par le serveur d\u2019un site web dans le navigateur de votre ordinateur ou de votre appareil portable quand vous consultez un site web. Les cookies ne peuvent pas \u00eatre utilis\u00e9s pour identifier des personnes, un cookie peut uniquement identifier un appareil.<\/p>\n<p>Vous pouvez configurer votre navigateur internet de fa\u00e7on \u00e0 ce que les cookies ne soient pas accept\u00e9s, pour que vous receviez un avertissement quand un cookie est install\u00e9 ou pour que les cookies soient ensuite supprim\u00e9s de votre disque dur. Vous pouvez le faire via les param\u00e8tres de votre navigateur (fonction d\u2019aide). Gardez toutefois \u00e0 l\u2019esprit que certains \u00e9l\u00e9ments graphiques ne pourront pas \u00eatre affich\u00e9s correctement ou que vous ne pourrez pas utiliser certaines applications.<\/p>\n<p>En utilisant notre site web, vous marquez votre accord avec notre utilisation de cookies.<\/p>\n<\/div>\n<p> <!-- .sheet --><br \/>\n<\/p>","protected":false},"excerpt":{"rendered":"<p>D\u00e9claration de respect de la vie priv\u00e9e Ce site web appartient \u00e0 BYTE IT GCV Coordonn\u00e9es Adresse du si\u00e8ge social:Kesseldallaan 12\/302, 3010 Leuven T\u00e9l\u00e9phone:0474631710 E-mail:info@himalayaclub.be Num\u00e9ro d\u2019entreprise:BE0639731727 En visitant et en utilisant ce site web, vous marquez express\u00e9ment votre accord avec ce qui suit Droits de propri\u00e9t\u00e9 intellectuelle Le contenu de ce site, y compris [&hellip;]<\/p>\n","protected":false},"author":1,"featured_media":0,"parent":0,"menu_order":9,"comment_status":"closed","ping_status":"closed","template":"","meta":{"footnotes":""},"yoast_head":"<!-- This site is optimized with the Yoast SEO plugin v22.9 - https:\/\/yoast.com\/wordpress\/plugins\/seo\/ -->\n<title>Disclaimer - The Himalaya Club<\/title>\n<meta name=\"robots\" content=\"index, follow, max-snippet:-1, max-image-preview:large, max-video-preview:-1\" \/>\n<link rel=\"canonical\" href=\"https:\/\/www.himalayaclub.be\/disclaimer\/\" \/>\n<meta property=\"og:locale\" content=\"fr_FR\" \/>\n<meta property=\"og:type\" content=\"article\" \/>\n<meta property=\"og:title\" content=\"Disclaimer - The Himalaya Club\" \/>\n<meta property=\"og:description\" content=\"D\u00e9claration de respect de la vie priv\u00e9e Ce site web appartient \u00e0 BYTE IT GCV Coordonn\u00e9es Adresse du si\u00e8ge social:Kesseldallaan 12\/302, 3010 Leuven T\u00e9l\u00e9phone:0474631710 E-mail:info@himalayaclub.be Num\u00e9ro d\u2019entreprise:BE0639731727 En visitant et en utilisant ce site web, vous marquez express\u00e9ment votre accord avec ce qui suit Droits de propri\u00e9t\u00e9 intellectuelle Le contenu de ce site, y compris [&hellip;]\" \/>\n<meta property=\"og:url\" content=\"https:\/\/www.himalayaclub.be\/disclaimer\/\" \/>\n<meta property=\"og:site_name\" content=\"The Himalaya Club\" \/>\n<meta property=\"article:modified_time\" content=\"2019-04-19T13:34:11+00:00\" \/>\n<meta name=\"twitter:card\" content=\"summary_large_image\" \/>\n<meta name=\"twitter:label1\" content=\"Dur\u00e9e de lecture estim\u00e9e\" \/>\n\t<meta name=\"twitter:data1\" content=\"15 minutes\" \/>\n<script type=\"application\/ld+json\" class=\"yoast-schema-graph\">{\"@context\":\"https:\/\/schema.org\",\"@graph\":[{\"@type\":\"WebPage\",\"@id\":\"https:\/\/www.himalayaclub.be\/disclaimer\/\",\"url\":\"https:\/\/www.himalayaclub.be\/disclaimer\/\",\"name\":\"Disclaimer - The Himalaya Club\",\"isPartOf\":{\"@id\":\"https:\/\/www.himalayaclub.be\/#website\"},\"datePublished\":\"2017-09-19T08:39:59+00:00\",\"dateModified\":\"2019-04-19T13:34:11+00:00\",\"breadcrumb\":{\"@id\":\"https:\/\/www.himalayaclub.be\/disclaimer\/#breadcrumb\"},\"inLanguage\":\"fr-FR\",\"potentialAction\":[{\"@type\":\"ReadAction\",\"target\":[\"https:\/\/www.himalayaclub.be\/disclaimer\/\"]}]},{\"@type\":\"BreadcrumbList\",\"@id\":\"https:\/\/www.himalayaclub.be\/disclaimer\/#breadcrumb\",\"itemListElement\":[{\"@type\":\"ListItem\",\"position\":1,\"name\":\"Home\",\"item\":\"https:\/\/www.himalayaclub.be\/\"},{\"@type\":\"ListItem\",\"position\":2,\"name\":\"Disclaimer\"}]},{\"@type\":\"WebSite\",\"@id\":\"https:\/\/www.himalayaclub.be\/#website\",\"url\":\"https:\/\/www.himalayaclub.be\/\",\"name\":\"The Himalaya Club\",\"description\":\"Aziatisch Streetfood\",\"potentialAction\":[{\"@type\":\"SearchAction\",\"target\":{\"@type\":\"EntryPoint\",\"urlTemplate\":\"https:\/\/www.himalayaclub.be\/?s={search_term_string}\"},\"query-input\":\"required name=search_term_string\"}],\"inLanguage\":\"fr-FR\"}]}<\/script>\n<!-- \/ Yoast SEO plugin. -->","yoast_head_json":{"title":"Disclaimer - The Himalaya Club","robots":{"index":"index","follow":"follow","max-snippet":"max-snippet:-1","max-image-preview":"max-image-preview:large","max-video-preview":"max-video-preview:-1"},"canonical":"https:\/\/www.himalayaclub.be\/disclaimer\/","og_locale":"fr_FR","og_type":"article","og_title":"Disclaimer - The Himalaya Club","og_description":"D\u00e9claration de respect de la vie priv\u00e9e Ce site web appartient \u00e0 BYTE IT GCV Coordonn\u00e9es Adresse du si\u00e8ge social:Kesseldallaan 12\/302, 3010 Leuven T\u00e9l\u00e9phone:0474631710 E-mail:info@himalayaclub.be Num\u00e9ro d\u2019entreprise:BE0639731727 En visitant et en utilisant ce site web, vous marquez express\u00e9ment votre accord avec ce qui suit Droits de propri\u00e9t\u00e9 intellectuelle Le contenu de ce site, y compris [&hellip;]","og_url":"https:\/\/www.himalayaclub.be\/disclaimer\/","og_site_name":"The Himalaya Club","article_modified_time":"2019-04-19T13:34:11+00:00","twitter_card":"summary_large_image","twitter_misc":{"Dur\u00e9e de lecture estim\u00e9e":"15 minutes"},"schema":{"@context":"https:\/\/schema.org","@graph":[{"@type":"WebPage","@id":"https:\/\/www.himalayaclub.be\/disclaimer\/","url":"https:\/\/www.himalayaclub.be\/disclaimer\/","name":"Disclaimer - The Himalaya Club","isPartOf":{"@id":"https:\/\/www.himalayaclub.be\/#website"},"datePublished":"2017-09-19T08:39:59+00:00","dateModified":"2019-04-19T13:34:11+00:00","breadcrumb":{"@id":"https:\/\/www.himalayaclub.be\/disclaimer\/#breadcrumb"},"inLanguage":"fr-FR","potentialAction":[{"@type":"ReadAction","target":["https:\/\/www.himalayaclub.be\/disclaimer\/"]}]},{"@type":"BreadcrumbList","@id":"https:\/\/www.himalayaclub.be\/disclaimer\/#breadcrumb","itemListElement":[{"@type":"ListItem","position":1,"name":"Home","item":"https:\/\/www.himalayaclub.be\/"},{"@type":"ListItem","position":2,"name":"Disclaimer"}]},{"@type":"WebSite","@id":"https:\/\/www.himalayaclub.be\/#website","url":"https:\/\/www.himalayaclub.be\/","name":"The Himalaya Club","description":"Aziatisch Streetfood","potentialAction":[{"@type":"SearchAction","target":{"@type":"EntryPoint","urlTemplate":"https:\/\/www.himalayaclub.be\/?s={search_term_string}"},"query-input":"required name=search_term_string"}],"inLanguage":"fr-FR"}]}},"_links":{"self":[{"href":"https:\/\/www.himalayaclub.be\/fr\/wp-json\/wp\/v2\/pages\/268"}],"collection":[{"href":"https:\/\/www.himalayaclub.be\/fr\/wp-json\/wp\/v2\/pages"}],"about":[{"href":"https:\/\/www.himalayaclub.be\/fr\/wp-json\/wp\/v2\/types\/page"}],"author":[{"embeddable":true,"href":"https:\/\/www.himalayaclub.be\/fr\/wp-json\/wp\/v2\/users\/1"}],"replies":[{"embeddable":true,"href":"https:\/\/www.himalayaclub.be\/fr\/wp-json\/wp\/v2\/comments?post=268"}],"version-history":[{"count":11,"href":"https:\/\/www.himalayaclub.be\/fr\/wp-json\/wp\/v2\/pages\/268\/revisions"}],"predecessor-version":[{"id":1431,"href":"https:\/\/www.himalayaclub.be\/fr\/wp-json\/wp\/v2\/pages\/268\/revisions\/1431"}],"wp:attachment":[{"href":"https:\/\/www.himalayaclub.be\/fr\/wp-json\/wp\/v2\/media?parent=268"}],"curies":[{"name":"wp","href":"https:\/\/api.w.org\/{rel}","templated":true}]}}