{"id":436,"date":"2018-04-09T12:41:39","date_gmt":"2018-04-09T12:41:39","guid":{"rendered":"http:\/\/himalayaclub.be.yoolswebsite.be\/?page_id=436"},"modified":"2018-08-14T08:47:09","modified_gmt":"2018-08-14T08:47:09","slug":"goede-doelen","status":"publish","type":"page","link":"https:\/\/www.himalayaclub.be\/fr\/la-bonne-cause\/","title":{"rendered":"La bonne cause"},"content":{"rendered":"<p><\/p>\n<div class=\"sectie volk\">\n<div class=\"sheet\">\n<div class=\"row margin\">\n<div class=\"col-33\"><\/div>\n<div class=\"col-33\"><\/div>\n<div class=\"col-33\"><\/div>\n<\/p><\/div>\n<\/p><\/div>\n<\/div>\n<div class=\"sheet\">\n\t<img decoding=\"async\" class=\"linegr\" src=\"\/wp-content\/uploads\/linegr.png\">\n<\/div>\n<div class=\"sheet blog\">\n<div class=\"news-block row margin\">\n<div class=\"col-40\">\n<a href=\"\/miss-exclusive\" style=\"display:block\"><\/p>\n<div class=\"post-img\" style=\"background-image:url('https:\/\/www.himalayaclub.be\/wp-content\/uploads\/38071427_1888754214543546_7092334157933576192_n.jpg')\"><\/div>\n<p><\/a>\n<\/div>\n<p> <!-- .col-50 --><\/p>\n<div class=\"col-60\">\n<h4>Miss Exclusive<\/h4>\n<p>Miss Tenzin Zomkey is een Belgische studente van Tibetaanse origine, en \u00e9\u00e9n van de finalisten bij de verkiezing van Miss Exclusive 2019. Ze werd in september 2001 geboren te Mundgod, een Tibetaanse kolonie in India, in een gezin van landbouwers. Miss Tenzin Zomkey is de eerste Tibetaanse en jongste finaliste\u2026 <\/p>\n<p><a href=\"\/miss-exclusive\" class=\"btn\">En savoir plus<\/a><\/p>\n<\/div>\n<p> <!-- .col-50 --><\/p>\n<\/div>\n<p> <!-- .news-block .row --><\/p>\n<div class=\"news-block row margin\">\n<div class=\"col-40\">\n<a href=\"\/tenzin-tsewang-tenzin-nyima-2018\" style=\"display:block\"><\/p>\n<div class=\"post-img\" style=\"background-image:url('https:\/\/www.himalayaclub.be\/wp-content\/uploads\/p.3-2013-Tenzin-Tsewang1.jpg')\"><\/div>\n<p><\/a>\n<\/div>\n<p> <!-- .col-50 --><\/p>\n<div class=\"col-60\">\n<h4>Tenzin Tsewang &#038; Tenzin Nyima (2018)<\/h4>\n<p>La pauvret\u00e9, dans les pays en d\u00e9veloppement, cause multiples probl\u00e8mes et affecte les enfants en particulier. Beaucoup d\u2019enfants sont priv\u00e9s de droits basiques comme l\u2019acc\u00e8s scolaire, qui m\u00eame quand il est fourni, est fort d\u00e9pendent de la situation financi\u00e8re familiale de l\u2019enfant. Le d\u00e9veloppement d\u2019une nation n\u2019est que possible si\u2026 <\/p>\n<p><a href=\"\/tenzin-tsewang-tenzin-nyima-2018\" class=\"btn\">En savoir plus<\/a><\/p>\n<\/div>\n<p> <!-- .col-50 --><\/p>\n<\/div>\n<p> <!-- .news-block .row --><\/p>\n<div class=\"news-block row margin\">\n<div class=\"col-40\">\n<a href=\"\/resto-du-coeur-2018\" style=\"display:block\"><\/p>\n<div class=\"post-img\" style=\"background-image:url('https:\/\/www.himalayaclub.be\/wp-content\/uploads\/thais-streetfood.png')\"><\/div>\n<p><\/a>\n<\/div>\n<p> <!-- .col-50 --><\/p>\n<div class=\"col-60\">\n<h4>Resto du Coeur (2018)<\/h4>\n<p>Le Resto du C\u0153ur offre un espace hospitalier et agr\u00e9able au plus d\u00e9munis et au gens vivant en pauvret\u00e9. C\u2019est par l\u2019apport de nourriture et d\u2019autres soins que le resto du c\u0153ur t\u00e2che d\u2019am\u00e9liorer leurs vies et de trouver des solutions \u00e0 leurs probl\u00e8mes sociaux. Leur mode de travail est\u2026 <\/p>\n<p><a href=\"\/resto-du-coeur-2018\" class=\"btn\">En savoir plus<\/a><\/p>\n<\/div>\n<p> <!-- .col-50 --><\/p>\n<\/div>\n<p> <!-- .news-block .row --><\/p>\n<div class=\"news-block row margin\">\n<div class=\"col-40\">\n<a href=\"\/bikas-2018\" style=\"display:block\"><\/p>\n<div class=\"post-img\" style=\"background-image:url('https:\/\/www.himalayaclub.be\/wp-content\/uploads\/Hakumadame_sp-1.jpg')\"><\/div>\n<p><\/a>\n<\/div>\n<p> <!-- .col-50 --><\/p>\n<div class=\"col-60\">\n<h4>BIKAS (2018)<\/h4>\n<p>BIKAS, N\u00e9palais pour \u201cd\u00e9veloppement et progr\u00e8s\u201d, est une ASBL Belge qui construit des \u00e9coles, h\u00f4pitaux, routes et autres infrastructures n\u00e9cessaires au N\u00e9pal. BIKAS r\u00e9alise ces projets de d\u00e9veloppement durable avec la population locale, et en respectant la culture locale. Cette ASBL est compos\u00e9e d\u2019une grande \u00e9quipe de volontaire qui fournissent\u2026 <\/p>\n<p><a href=\"\/bikas-2018\" class=\"btn\">En savoir plus<\/a><\/p>\n<\/div>\n<p> <!-- .col-50 --><\/p>\n<\/div>\n<p> <!-- .news-block .row --><\/p>\n<div class=\"news-block row margin\">\n<div class=\"col-40\">\n<a href=\"\/tshering-pemo-2018\" style=\"display:block\"><\/p>\n<div class=\"post-img\" style=\"background-image:url('https:\/\/www.himalayaclub.be\/wp-content\/uploads\/IMG_0178-e1533865009420.png')\"><\/div>\n<p><\/a>\n<\/div>\n<p> <!-- .col-50 --><\/p>\n<div class=\"col-60\">\n<h4>Tshering Pemo (2018)<\/h4>\n<p>Tshering Pemo, fille de Mr. Dorji Wangchuck, est n\u00e9e le 6 juin 1989 au Bhoutan. Elle vie aujourd&rsquo;hui dans un petit village appel\u00e9 Shingkhar dans la Vall\u00e9e du districte Bumthang, au Bhoutan, avec son p\u00e8re. Elle a grandi dans une famille pauvre et c&rsquo;est \u00e0 un jeune \u00e2ge que sa\u2026 <\/p>\n<p><a href=\"\/tshering-pemo-2018\" class=\"btn\">En savoir plus<\/a><\/p>\n<\/div>\n<p> <!-- .col-50 --><\/p>\n<\/div>\n<p> <!-- .news-block .row --><\/p>\n<div class=\"news-block row margin\">\n<div class=\"col-40\">\n<a href=\"\/tshering-penjore-2018\" style=\"display:block\"><\/p>\n<div class=\"post-img\" style=\"background-image:url('https:\/\/www.himalayaclub.be\/wp-content\/uploads\/27934753_1702122673181977_187419623_n.jpg')\"><\/div>\n<p><\/a>\n<\/div>\n<p> <!-- .col-50 --><\/p>\n<div class=\"col-60\">\n<h4>Tshering Penjore (2018)<\/h4>\n<p>Penjore est n\u00e9 le 3 juin 2008 dans le village de Khasadrapchu au Bhoutan et a maintenant 9 ans. Tshering a un fr\u00e8re et une soeur, et est le deuxi\u00e8me enfant. Son p\u00e8re est chauffeur pour une compagnie de tourisme au Bhoutan. Sa m\u00e8re est une femme au foyer et\u2026 <\/p>\n<p><a href=\"\/tshering-penjore-2018\" class=\"btn\">En savoir plus<\/a><\/p>\n<\/div>\n<p> <!-- .col-50 --><\/p>\n<\/div>\n<p> <!-- .news-block .row --><\/p>\n<div class=\"news-block row margin\">\n<div class=\"col-40\">\n<a href=\"\/belgian-fund-for-child-cancer-2018\" style=\"display:block\"><\/p>\n<div class=\"post-img\" style=\"background-image:url('https:\/\/www.himalayaclub.be\/wp-content\/uploads\/IMG_0367-1-1.jpg')\"><\/div>\n<p><\/a>\n<\/div>\n<p> <!-- .col-50 --><\/p>\n<div class=\"col-60\">\n<h4>Fonds belge pour le Cancer Infantile (2018)<\/h4>\n<p>Le Fonds belge pour le Cancer Infantile fournit un soutien pratique aux h\u00f4pitaux, tels que des jouets pour les enfants malades. Lorsque chaque traitement a \u00e9chou\u00e9, l&rsquo;organisation vise \u00e9galement \u00e0 r\u00e9aliser le dernier souhait de l\u2019enfant. En 2018, The Himalaya Club a offert un don au Fonds belge pour le\u2026 <\/p>\n<p><a href=\"\/belgian-fund-for-child-cancer-2018\" class=\"btn\">En savoir plus<\/a><\/p>\n<\/div>\n<p> <!-- .col-50 --><\/p>\n<\/div>\n<p> <!-- .news-block .row --><\/p>\n<div class=\"news-block row margin\">\n<div class=\"col-40\">\n<a href=\"\/dakant-2017\" style=\"display:block\"><\/p>\n<div class=\"post-img\" style=\"background-image:url('https:\/\/www.himalayaclub.be\/wp-content\/uploads\/Dakant-Koningspoedel-Tijs_Vervecken-20.jpg')\"><\/div>\n<p><\/a>\n<\/div>\n<p> <!-- .col-50 --><\/p>\n<div class=\"col-60\">\n<h4>DAKANT (2017)<\/h4>\n<p>DAKANT, abr\u00e9viation de \u00ab\u00a0Daklozenhulp Antwerpen vzw\u00a0\u00bb, est une ASBL belge qui propose de l&rsquo;aide aux personnes d\u00e9favoris\u00e9es et sans abri dans la r\u00e9gion Anversoise. Les personnes qui vivent au seuil de la pauvret\u00e9, pour quelque raison que ce soit, ont tr\u00e8s souvent trop peu de ressources pour de la nourriture.\u2026 <\/p>\n<p><a href=\"\/dakant-2017\" class=\"btn\">En savoir plus<\/a><\/p>\n<\/div>\n<p> <!-- .col-50 --><\/p>\n<\/div>\n<p> <!-- .news-block .row --><\/p>\n<div class=\"news-block row margin\">\n<div class=\"col-40\">\n<a href=\"\/namaste-children-nepal-2017\" style=\"display:block\"><\/p>\n<div class=\"post-img\" style=\"background-image:url('https:\/\/www.himalayaclub.be\/wp-content\/uploads\/Namaste1.png')\"><\/div>\n<p><\/a>\n<\/div>\n<p> <!-- .col-50 --><\/p>\n<div class=\"col-60\">\n<h4>Namaste Children Nepal (2017)<\/h4>\n<p>Namaste Children Nepal est un orphelinat non gouvernemental fond\u00e9 par Tej. B. Khadka \u00e0 Katmandou, au N\u00e9pal en 2005, pour le bien-\u00eatre des enfants sans abri et orphelain au N\u00e9pal. L&rsquo;objectif principal de cette ASBL est de fournir un logement convenable, une \u00e9ducation de qualit\u00e9 et des soins de sant\u00e9\u2026 <\/p>\n<p><a href=\"\/namaste-children-nepal-2017\" class=\"btn\">En savoir plus<\/a><\/p>\n<\/div>\n<p> <!-- .col-50 --><\/p>\n<\/div>\n<p> <!-- .news-block .row --><\/p>\n<div class=\"news-block row margin\">\n<div class=\"col-40\">\n<a href=\"\/belgian-child-cancer-fund\" style=\"display:block\"><\/p>\n<div class=\"post-img\" style=\"background-image:url('https:\/\/www.himalayaclub.be\/wp-content\/uploads\/Line.jpeg')\"><\/div>\n<p><\/a>\n<\/div>\n<p> <!-- .col-50 --><\/p>\n<div class=\"col-60\">\n<h4>Fonds belge pour le cancer infantile (2017)<\/h4>\n<p>En 2017, le Himalaya Club fait don au Fonds belge pour le cancer de l&rsquo;enfant. Notre don servira \u00e0 aider des enfants comme Line, qui a diagnostiqu\u00e9e d\u2019une tumeur au cerveau \u00e0 l&rsquo;\u00e2ge de 15 mois. Aujourd\u2019hui Line a pr\u00e8s de deux ans et est presque gu\u00e9rie, mais seulement apr\u00e8s\u2026 <\/p>\n<p><a href=\"\/belgian-child-cancer-fund\" class=\"btn\">En savoir plus<\/a><\/p>\n<\/div>\n<p> <!-- .col-50 --><\/p>\n<\/div>\n<p> <!-- .news-block .row --><\/p>\n<div class=\"news-block row margin\">\n<div class=\"col-40\">\n<a href=\"\/tsechhenling-temple-2016\" style=\"display:block\"><\/p>\n<div class=\"post-img\" style=\"background-image:url('https:\/\/www.himalayaclub.be\/wp-content\/uploads\/12380336_10156258224955109_933362236_n-1.jpg')\"><\/div>\n<p><\/a>\n<\/div>\n<p> <!-- .col-50 --><\/p>\n<div class=\"col-60\">\n<h4>Temple de Tsechhenling (2016)<\/h4>\n<p>&nbsp; Le temple Tsechhenling est un temple bouddhiste construit en 1992 par un groupe de 20 bouddhistes tib\u00e9tains, pour organiser des c\u00e9r\u00e9monies religieuses pour le grand public. Il est situ\u00e9 dans le district de Changzamtok \u00e0 Thimphu, pr\u00e8s de l&rsquo;h\u00f4pital national Jigme Dorji Wangchuck. Le but principal du Lakhang (=\u2026 <\/p>\n<p><a href=\"\/tsechhenling-temple-2016\" class=\"btn\">En savoir plus<\/a><\/p>\n<\/div>\n<p> <!-- .col-50 --><\/p>\n<\/div>\n<p> <!-- .news-block .row --><\/p>\n<div class=\"news-block row margin\">\n<div class=\"col-40\">\n<a href=\"\/deki-yangzom-2016\" style=\"display:block\"><\/p>\n<div class=\"post-img\" style=\"background-image:url('https:\/\/www.himalayaclub.be\/wp-content\/uploads\/Deki-2.jpeg')\"><\/div>\n<p><\/a>\n<\/div>\n<p> <!-- .col-50 --><\/p>\n<div class=\"col-60\">\n<h4>Deki Yangzom (2016)<\/h4>\n<p>Deki Yangzom est une femme de 31 ans qui vit \u00e0 Yurung, dans le district de Pemagatshel, au Bhoutan. Elle fut diagnostiqu\u00e9e d&rsquo;une insuffisance r\u00e9nale chronique en janvier 2015. Depuis, Mme Yangzom subit une dialyse deux fois par semaine \u00e0 l&rsquo;h\u00f4pital national de Jigme Dorji Wangchuck, \u00e0 Thimphu, au Bhoutan.\u2026 <\/p>\n<p><a href=\"\/deki-yangzom-2016\" class=\"btn\">En savoir plus<\/a><\/p>\n<\/div>\n<p> <!-- .col-50 --><\/p>\n<\/div>\n<p> <!-- .news-block .row --><\/p>\n<div class=\"news-block row margin\">\n<div class=\"col-40\">\n<a href=\"\/tej-bahadur-2015\" style=\"display:block\"><\/p>\n<div class=\"post-img\" style=\"background-image:url('https:\/\/www.himalayaclub.be\/wp-content\/uploads\/tej.png')\"><\/div>\n<p><\/a>\n<\/div>\n<p> <!-- .col-50 --><\/p>\n<div class=\"col-60\">\n<h4>Tej Bahadur (2015)<\/h4>\n<p>Tej Bahadur est un gar\u00e7on de 20 ans vivant \u00e0 Rolpa, au N\u00e9pal. Il est n\u00e9 dans une famille de six personnes, fils de fermiers \u00e0 faible revenu o\u00f9 les seules ressources de la famille viennent de l\u2019agriculture. Lors du s\u00e9isme survenu au N\u00e9pal le 25 avril 2015, deux membres\u2026 <\/p>\n<p><a href=\"\/tej-bahadur-2015\" class=\"btn\">En savoir plus<\/a><\/p>\n<\/div>\n<p> <!-- .col-50 --><\/p>\n<\/div>\n<p> <!-- .news-block .row --><\/p>\n<div class=\"news-block row margin\">\n<div class=\"col-40\">\n<a href=\"\/rinchen-dorjee-2016\" style=\"display:block\"><\/p>\n<div class=\"post-img\" style=\"background-image:url('https:\/\/www.himalayaclub.be\/wp-content\/uploads\/Screenshot_20161214-093307.png')\"><\/div>\n<p><\/a>\n<\/div>\n<p> <!-- .col-50 --><\/p>\n<div class=\"col-60\">\n<h4>Rinchen Dorjee (2016)<\/h4>\n<p>Rinchen Dorjee est n\u00e9 le 20 d\u00e9cembre 1999 dans le village de Khasadrapchu, au Bhoutan. Il vit dans une petite cabane au sommet des froides montagnes de Khasadrapchu, avec sa m\u00e8re Dorji Lhamo et son fr\u00e8re Jigme, \u00e2g\u00e9 de 14 ans. Leur hutte est construite de plaques d\u2019acier, de panneaux\u2026 <\/p>\n<p><a href=\"\/rinchen-dorjee-2016\" class=\"btn\">En savoir plus<\/a><\/p>\n<\/div>\n<p> <!-- .col-50 --><\/p>\n<\/div>\n<p> <!-- .news-block .row --><\/p>\n<\/div>\n<p> <!-- .sheet --><\/p>","protected":false},"excerpt":{"rendered":"<p> [&hellip;]<\/p>\n","protected":false},"author":1,"featured_media":0,"parent":0,"menu_order":6,"comment_status":"closed","ping_status":"closed","template":"","meta":{"footnotes":""},"yoast_head":"<!-- This site is optimized with the Yoast SEO plugin v22.9 - https:\/\/yoast.com\/wordpress\/plugins\/seo\/ -->\n<title>Goede doelen die het Tibetaanse volk ondersteunen - The Himalaya Club<\/title>\n<meta name=\"description\" content=\"Steun het Tibetaanse volk en hun cultuur met onze goede doelen.. Een groot deel van de opbrengsten van The Himalaya Club gaat naar de ondersteuning en opflakkering van het welzijn van de Tibetaanse bevolking.\" \/>\n<meta name=\"robots\" content=\"index, follow, max-snippet:-1, max-image-preview:large, max-video-preview:-1\" \/>\n<link rel=\"canonical\" href=\"https:\/\/www.himalayaclub.be\/goede-doelen\/\" \/>\n<meta property=\"og:locale\" content=\"fr_FR\" \/>\n<meta property=\"og:type\" content=\"article\" \/>\n<meta property=\"og:title\" content=\"Goede doelen die het Tibetaanse volk ondersteunen - The Himalaya Club\" \/>\n<meta property=\"og:description\" content=\"Steun het Tibetaanse volk en hun cultuur met onze goede doelen.. Een groot deel van de opbrengsten van The Himalaya Club gaat naar de ondersteuning en opflakkering van het welzijn van de Tibetaanse bevolking.\" \/>\n<meta property=\"og:url\" content=\"https:\/\/www.himalayaclub.be\/goede-doelen\/\" \/>\n<meta property=\"og:site_name\" content=\"The Himalaya Club\" \/>\n<meta property=\"article:modified_time\" content=\"2018-08-14T08:47:09+00:00\" \/>\n<meta name=\"twitter:card\" content=\"summary_large_image\" \/>\n<script type=\"application\/ld+json\" class=\"yoast-schema-graph\">{\"@context\":\"https:\/\/schema.org\",\"@graph\":[{\"@type\":\"WebPage\",\"@id\":\"https:\/\/www.himalayaclub.be\/goede-doelen\/\",\"url\":\"https:\/\/www.himalayaclub.be\/goede-doelen\/\",\"name\":\"Goede doelen die het Tibetaanse volk ondersteunen - The Himalaya Club\",\"isPartOf\":{\"@id\":\"https:\/\/www.himalayaclub.be\/#website\"},\"datePublished\":\"2018-04-09T12:41:39+00:00\",\"dateModified\":\"2018-08-14T08:47:09+00:00\",\"description\":\"Steun het Tibetaanse volk en hun cultuur met onze goede doelen.. Een groot deel van de opbrengsten van The Himalaya Club gaat naar de ondersteuning en opflakkering van het welzijn van de Tibetaanse bevolking.\",\"breadcrumb\":{\"@id\":\"https:\/\/www.himalayaclub.be\/goede-doelen\/#breadcrumb\"},\"inLanguage\":\"fr-FR\",\"potentialAction\":[{\"@type\":\"ReadAction\",\"target\":[\"https:\/\/www.himalayaclub.be\/goede-doelen\/\"]}]},{\"@type\":\"BreadcrumbList\",\"@id\":\"https:\/\/www.himalayaclub.be\/goede-doelen\/#breadcrumb\",\"itemListElement\":[{\"@type\":\"ListItem\",\"position\":1,\"name\":\"Home\",\"item\":\"https:\/\/www.himalayaclub.be\/\"},{\"@type\":\"ListItem\",\"position\":2,\"name\":\"Goede doelen\"}]},{\"@type\":\"WebSite\",\"@id\":\"https:\/\/www.himalayaclub.be\/#website\",\"url\":\"https:\/\/www.himalayaclub.be\/\",\"name\":\"The Himalaya Club\",\"description\":\"Aziatisch Streetfood\",\"potentialAction\":[{\"@type\":\"SearchAction\",\"target\":{\"@type\":\"EntryPoint\",\"urlTemplate\":\"https:\/\/www.himalayaclub.be\/?s={search_term_string}\"},\"query-input\":\"required name=search_term_string\"}],\"inLanguage\":\"fr-FR\"}]}<\/script>\n<!-- \/ Yoast SEO plugin. -->","yoast_head_json":{"title":"Goede doelen die het Tibetaanse volk ondersteunen - The Himalaya Club","description":"Steun het Tibetaanse volk en hun cultuur met onze goede doelen.. Een groot deel van de opbrengsten van The Himalaya Club gaat naar de ondersteuning en opflakkering van het welzijn van de Tibetaanse bevolking.","robots":{"index":"index","follow":"follow","max-snippet":"max-snippet:-1","max-image-preview":"max-image-preview:large","max-video-preview":"max-video-preview:-1"},"canonical":"https:\/\/www.himalayaclub.be\/goede-doelen\/","og_locale":"fr_FR","og_type":"article","og_title":"Goede doelen die het Tibetaanse volk ondersteunen - The Himalaya Club","og_description":"Steun het Tibetaanse volk en hun cultuur met onze goede doelen.. Een groot deel van de opbrengsten van The Himalaya Club gaat naar de ondersteuning en opflakkering van het welzijn van de Tibetaanse bevolking.","og_url":"https:\/\/www.himalayaclub.be\/goede-doelen\/","og_site_name":"The Himalaya Club","article_modified_time":"2018-08-14T08:47:09+00:00","twitter_card":"summary_large_image","schema":{"@context":"https:\/\/schema.org","@graph":[{"@type":"WebPage","@id":"https:\/\/www.himalayaclub.be\/goede-doelen\/","url":"https:\/\/www.himalayaclub.be\/goede-doelen\/","name":"Goede doelen die het Tibetaanse volk ondersteunen - The Himalaya Club","isPartOf":{"@id":"https:\/\/www.himalayaclub.be\/#website"},"datePublished":"2018-04-09T12:41:39+00:00","dateModified":"2018-08-14T08:47:09+00:00","description":"Steun het Tibetaanse volk en hun cultuur met onze goede doelen.. Een groot deel van de opbrengsten van The Himalaya Club gaat naar de ondersteuning en opflakkering van het welzijn van de Tibetaanse bevolking.","breadcrumb":{"@id":"https:\/\/www.himalayaclub.be\/goede-doelen\/#breadcrumb"},"inLanguage":"fr-FR","potentialAction":[{"@type":"ReadAction","target":["https:\/\/www.himalayaclub.be\/goede-doelen\/"]}]},{"@type":"BreadcrumbList","@id":"https:\/\/www.himalayaclub.be\/goede-doelen\/#breadcrumb","itemListElement":[{"@type":"ListItem","position":1,"name":"Home","item":"https:\/\/www.himalayaclub.be\/"},{"@type":"ListItem","position":2,"name":"Goede doelen"}]},{"@type":"WebSite","@id":"https:\/\/www.himalayaclub.be\/#website","url":"https:\/\/www.himalayaclub.be\/","name":"The Himalaya Club","description":"Aziatisch Streetfood","potentialAction":[{"@type":"SearchAction","target":{"@type":"EntryPoint","urlTemplate":"https:\/\/www.himalayaclub.be\/?s={search_term_string}"},"query-input":"required name=search_term_string"}],"inLanguage":"fr-FR"}]}},"_links":{"self":[{"href":"https:\/\/www.himalayaclub.be\/fr\/wp-json\/wp\/v2\/pages\/436"}],"collection":[{"href":"https:\/\/www.himalayaclub.be\/fr\/wp-json\/wp\/v2\/pages"}],"about":[{"href":"https:\/\/www.himalayaclub.be\/fr\/wp-json\/wp\/v2\/types\/page"}],"author":[{"embeddable":true,"href":"https:\/\/www.himalayaclub.be\/fr\/wp-json\/wp\/v2\/users\/1"}],"replies":[{"embeddable":true,"href":"https:\/\/www.himalayaclub.be\/fr\/wp-json\/wp\/v2\/comments?post=436"}],"version-history":[{"count":22,"href":"https:\/\/www.himalayaclub.be\/fr\/wp-json\/wp\/v2\/pages\/436\/revisions"}],"predecessor-version":[{"id":1031,"href":"https:\/\/www.himalayaclub.be\/fr\/wp-json\/wp\/v2\/pages\/436\/revisions\/1031"}],"wp:attachment":[{"href":"https:\/\/www.himalayaclub.be\/fr\/wp-json\/wp\/v2\/media?parent=436"}],"curies":[{"name":"wp","href":"https:\/\/api.w.org\/{rel}","templated":true}]}}